{"id":2811,"date":"2022-11-21T09:08:45","date_gmt":"2022-11-21T09:08:45","guid":{"rendered":"https:\/\/alumnext.deloitte.ca\/login\/registration-friend\/"},"modified":"2025-08-27T01:50:41","modified_gmt":"2025-08-27T01:50:41","slug":"registration-friend","status":"publish","type":"page","link":"https:\/\/alumnext.deloitte.ca\/login\/registration-friend\/?lang=fr","title":{"rendered":"Inscription des amis"},"content":{"rendered":"<p>[et_pb_section fb_built=&#8221;1&#8243; module_class=&#8221;iw-register-page&#8221; _builder_version=&#8221;4.27.4&#8243; background_color=&#8221;#ffffff&#8221; custom_padding=&#8221;||||false|false&#8221; hover_enabled=&#8221;0&#8243; global_colors_info=&#8221;{}&#8221; sticky_enabled=&#8221;0&#8243;][et_pb_row module_class=&#8221;iw-register-row&#8221; _builder_version=&#8221;4.27.4&#8243; background_color=&#8221;#fafafa&#8221; width=&#8221;100%&#8221; width_tablet=&#8221;&#8221; width_phone=&#8221;&#8221; width_last_edited=&#8221;on|desktop&#8221; custom_padding=&#8221;||||false|false&#8221; hover_enabled=&#8221;0&#8243; global_colors_info=&#8221;{}&#8221; sticky_enabled=&#8221;0&#8243;][et_pb_column type=&#8221;4_4&#8243; _builder_version=&#8221;4.16&#8243; global_colors_info=&#8221;{}&#8221;][et_pb_code admin_label=&#8221;iw-register-column iw-register-column-title&#8221; module_class=&#8221;iw-register-column iw-register-column-title&#8221; _builder_version=&#8221;4.27.4&#8243; _module_preset=&#8221;default&#8221; global_colors_info=&#8221;{}&#8221;]<\/p>\n<h1><!-- [et_pb_line_break_holder] -->  <span>Joignez-vous \u00e0 AlumNEXT<sup style=\"font-size: x-large;\">MC<\/sup> :<\/span> le r\u00e9seau officiel des anciens de Deloitte Canada<!-- [et_pb_line_break_holder] --><\/h1>\n<p>[\/et_pb_code][et_pb_code admin_label=&#8221;iw-register-column iw-register-column-content&#8221; module_class=&#8221;iw-register-column iw-register-column-content&#8221; _builder_version=&#8221;4.27.4&#8243; background_color=&#8221;#fafafa&#8221; text_orientation=&#8221;left&#8221; width=&#8221;100%&#8221; width_tablet=&#8221;80%&#8221; width_phone=&#8221;100%&#8221; width_last_edited=&#8221;on|tablet&#8221; module_alignment=&#8221;left&#8221; custom_padding=&#8221;20px|20px|20px|20px|false|false&#8221; hover_enabled=&#8221;0&#8243; global_colors_info=&#8221;{}&#8221; sticky_enabled=&#8221;0&#8243;]<\/p>\n<div class=\"iw-registration-header\"><!-- [et_pb_line_break_holder] --><\/p>\n<h1><!-- [et_pb_line_break_holder] -->  Cr\u00e9ez votre compte<!-- [et_pb_line_break_holder] --><\/h1>\n<p><!-- [et_pb_line_break_holder] --><pee><!-- [et_pb_line_break_holder] -->\t<span class=\"iw-text-lighter\">La recommandation d\u2019un associ\u00e9 ou d\u2019un directeur de service est n\u00e9cessaire pour l\u2019acc\u00e8s au portail.<\/span><!-- [et_pb_line_break_holder] --><\/pee><!-- [et_pb_line_break_holder] -->\t<!-- [et_pb_line_break_holder] --><pee><!-- [et_pb_line_break_holder] -->\t<span class=\"iw-text-lighter\">Si l&#8217;anglais est votre langue pr\u00e9f\u00e9r\u00e9e, utilisez le bouton en haut \u00e0 droite pour changer de langue.<\/span><!-- [et_pb_line_break_holder] --><\/pee><!-- [et_pb_line_break_holder] -->\t\t<!-- [et_pb_line_break_holder] --><pee><!-- [et_pb_line_break_holder] -->  <span class=\"iw-text-lighter\">Des questions? \u00c9crivez-nous \u00e0 l\u2019adresse<\/span>\u00a0<a href=\"mailto:alumnext@deloitte.ca\">alumnext@deloitte.ca<\/a><!-- [et_pb_line_break_holder] --><\/pee><!-- [et_pb_line_break_holder] --><\/div>\n<p><!-- [et_pb_line_break_holder] --><!-- [et_pb_line_break_holder] --><!-- [et_pb_line_break_holder] --><!-- [et_pb_line_break_holder] --><\/p>\n<div class=\"iw-registration-footer\"><!-- [et_pb_line_break_holder] --><pee><!-- [et_pb_line_break_holder] -->   <span class=\"iw-text-lighter\">Des questions? \u00c9crivez-nous \u00e0 l\u2019adresse<\/span>\u00a0<a href=\"mailto:alumnext@deloitte.ca\">alumnext@deloitte.ca<\/a><!-- [et_pb_line_break_holder] --><\/pee><!-- [et_pb_line_break_holder] --><\/div>\n<p>[\/et_pb_code][\/et_pb_column][\/et_pb_row][\/et_pb_section]<\/p>\n","protected":false},"excerpt":{"rendered":"<p>Cr\u00e9ez votre compte La recommandation d\u2019un associ\u00e9 ou d\u2019un directeur de service est n\u00e9cessaire pour l\u2019acc\u00e8s au portail. Si l&#8217;anglais est votre langue pr\u00e9f\u00e9r\u00e9e, utilisez le bouton en haut \u00e0 droite pour changer de langue. Des questions? \u00c9crivez-nous \u00e0 l\u2019adresse\u00a0alumnext@deloitte.ca Des questions? \u00c9crivez-nous \u00e0 l\u2019adresse\u00a0alumnext@deloitte.ca<\/p>\n","protected":false},"author":1,"featured_media":0,"parent":0,"menu_order":0,"comment_status":"closed","ping_status":"closed","template":"","meta":{"_et_pb_use_builder":"on","_et_pb_old_content":"","_et_gb_content_width":"","inline_featured_image":false,"footnotes":""},"class_list":["post-2811","page","type-page","status-publish","hentry"],"yoast_head":"<!-- This site is optimized with the Yoast SEO plugin v27.4 - https:\/\/yoast.com\/product\/yoast-seo-wordpress\/ -->\n<title>Inscription des amis | Deloitte AlumNEXT<\/title>\n<meta name=\"robots\" content=\"index, nofollow, max-snippet:-1, max-image-preview:large, max-video-preview:-1\" \/>\n<link rel=\"canonical\" href=\"https:\/\/alumnext.deloitte.ca\/login\/registration-friend\/\" \/>\n<meta property=\"og:locale\" content=\"en_US\" \/>\n<meta property=\"og:type\" content=\"article\" \/>\n<meta property=\"og:title\" content=\"Inscription des amis | Deloitte AlumNEXT\" \/>\n<meta property=\"og:description\" content=\"Cr\u00e9ez votre compte La recommandation d\u2019un associ\u00e9 ou d\u2019un directeur de service est n\u00e9cessaire pour l\u2019acc\u00e8s au portail. Si l&#039;anglais est votre langue pr\u00e9f\u00e9r\u00e9e, utilisez le bouton en haut \u00e0 droite pour changer de langue. Des questions? \u00c9crivez-nous \u00e0 l\u2019adresse\u00a0alumnext@deloitte.ca Des questions? \u00c9crivez-nous \u00e0 l\u2019adresse\u00a0alumnext@deloitte.ca\" \/>\n<meta property=\"og:url\" content=\"https:\/\/alumnext.deloitte.ca\/login\/registration-friend\/?lang=fr\" \/>\n<meta property=\"og:site_name\" content=\"Deloitte AlumNEXT\" \/>\n<meta property=\"article:modified_time\" content=\"2025-08-27T01:50:41+00:00\" \/>\n<meta name=\"twitter:card\" content=\"summary_large_image\" \/>\n<meta name=\"twitter:label1\" content=\"Est. reading time\" \/>\n\t<meta name=\"twitter:data1\" content=\"1 minute\" \/>\n<script type=\"application\/ld+json\" class=\"yoast-schema-graph\">{\"@context\":\"https:\\\/\\\/schema.org\",\"@graph\":[{\"@type\":\"WebPage\",\"@id\":\"https:\\\/\\\/alumnext.deloitte.ca\\\/login\\\/registration-friend\\\/?lang=fr\",\"url\":\"https:\\\/\\\/alumnext.deloitte.ca\\\/login\\\/registration-friend\\\/?lang=fr\",\"name\":\"Inscription des amis | Deloitte AlumNEXT\",\"isPartOf\":{\"@id\":\"https:\\\/\\\/alumnext.deloitte.ca\\\/login\\\/#website\"},\"datePublished\":\"2022-11-21T09:08:45+00:00\",\"dateModified\":\"2025-08-27T01:50:41+00:00\",\"breadcrumb\":{\"@id\":\"https:\\\/\\\/alumnext.deloitte.ca\\\/login\\\/registration-friend\\\/?lang=fr#breadcrumb\"},\"inLanguage\":\"en-US\",\"potentialAction\":[{\"@type\":\"ReadAction\",\"target\":[\"https:\\\/\\\/alumnext.deloitte.ca\\\/login\\\/registration-friend\\\/?lang=fr\"]}]},{\"@type\":\"BreadcrumbList\",\"@id\":\"https:\\\/\\\/alumnext.deloitte.ca\\\/login\\\/registration-friend\\\/?lang=fr#breadcrumb\",\"itemListElement\":[{\"@type\":\"ListItem\",\"position\":1,\"name\":\"Home\",\"item\":\"https:\\\/\\\/alumnext.deloitte.ca\\\/login\\\/\"},{\"@type\":\"ListItem\",\"position\":2,\"name\":\"Inscription des amis\"}]},{\"@type\":\"WebSite\",\"@id\":\"https:\\\/\\\/alumnext.deloitte.ca\\\/login\\\/#website\",\"url\":\"https:\\\/\\\/alumnext.deloitte.ca\\\/login\\\/\",\"name\":\"Deloitte AlumNet\",\"description\":\"Colleagues for Life\",\"alternateName\":\"Deloitte Alumni Network\",\"potentialAction\":[{\"@type\":\"SearchAction\",\"target\":{\"@type\":\"EntryPoint\",\"urlTemplate\":\"https:\\\/\\\/alumnext.deloitte.ca\\\/login\\\/?s={search_term_string}\"},\"query-input\":{\"@type\":\"PropertyValueSpecification\",\"valueRequired\":true,\"valueName\":\"search_term_string\"}}],\"inLanguage\":\"en-US\"}]}<\/script>\n<!-- \/ Yoast SEO plugin. -->","yoast_head_json":{"title":"Inscription des amis | Deloitte AlumNEXT","robots":{"index":"index","follow":"nofollow","max-snippet":"max-snippet:-1","max-image-preview":"max-image-preview:large","max-video-preview":"max-video-preview:-1"},"canonical":"https:\/\/alumnext.deloitte.ca\/login\/registration-friend\/","og_locale":"en_US","og_type":"article","og_title":"Inscription des amis | Deloitte AlumNEXT","og_description":"Cr\u00e9ez votre compte La recommandation d\u2019un associ\u00e9 ou d\u2019un directeur de service est n\u00e9cessaire pour l\u2019acc\u00e8s au portail. Si l'anglais est votre langue pr\u00e9f\u00e9r\u00e9e, utilisez le bouton en haut \u00e0 droite pour changer de langue. Des questions? \u00c9crivez-nous \u00e0 l\u2019adresse\u00a0alumnext@deloitte.ca Des questions? \u00c9crivez-nous \u00e0 l\u2019adresse\u00a0alumnext@deloitte.ca","og_url":"https:\/\/alumnext.deloitte.ca\/login\/registration-friend\/?lang=fr","og_site_name":"Deloitte AlumNEXT","article_modified_time":"2025-08-27T01:50:41+00:00","twitter_card":"summary_large_image","twitter_misc":{"Est. reading time":"1 minute"},"schema":{"@context":"https:\/\/schema.org","@graph":[{"@type":"WebPage","@id":"https:\/\/alumnext.deloitte.ca\/login\/registration-friend\/?lang=fr","url":"https:\/\/alumnext.deloitte.ca\/login\/registration-friend\/?lang=fr","name":"Inscription des amis | Deloitte AlumNEXT","isPartOf":{"@id":"https:\/\/alumnext.deloitte.ca\/login\/#website"},"datePublished":"2022-11-21T09:08:45+00:00","dateModified":"2025-08-27T01:50:41+00:00","breadcrumb":{"@id":"https:\/\/alumnext.deloitte.ca\/login\/registration-friend\/?lang=fr#breadcrumb"},"inLanguage":"en-US","potentialAction":[{"@type":"ReadAction","target":["https:\/\/alumnext.deloitte.ca\/login\/registration-friend\/?lang=fr"]}]},{"@type":"BreadcrumbList","@id":"https:\/\/alumnext.deloitte.ca\/login\/registration-friend\/?lang=fr#breadcrumb","itemListElement":[{"@type":"ListItem","position":1,"name":"Home","item":"https:\/\/alumnext.deloitte.ca\/login\/"},{"@type":"ListItem","position":2,"name":"Inscription des amis"}]},{"@type":"WebSite","@id":"https:\/\/alumnext.deloitte.ca\/login\/#website","url":"https:\/\/alumnext.deloitte.ca\/login\/","name":"Deloitte AlumNet","description":"Colleagues for Life","alternateName":"Deloitte Alumni Network","potentialAction":[{"@type":"SearchAction","target":{"@type":"EntryPoint","urlTemplate":"https:\/\/alumnext.deloitte.ca\/login\/?s={search_term_string}"},"query-input":{"@type":"PropertyValueSpecification","valueRequired":true,"valueName":"search_term_string"}}],"inLanguage":"en-US"}]}},"_links":{"self":[{"href":"https:\/\/alumnext.deloitte.ca\/login\/wp-json\/wp\/v2\/pages\/2811","targetHints":{"allow":["GET"]}}],"collection":[{"href":"https:\/\/alumnext.deloitte.ca\/login\/wp-json\/wp\/v2\/pages"}],"about":[{"href":"https:\/\/alumnext.deloitte.ca\/login\/wp-json\/wp\/v2\/types\/page"}],"author":[{"embeddable":true,"href":"https:\/\/alumnext.deloitte.ca\/login\/wp-json\/wp\/v2\/users\/1"}],"replies":[{"embeddable":true,"href":"https:\/\/alumnext.deloitte.ca\/login\/wp-json\/wp\/v2\/comments?post=2811"}],"version-history":[{"count":13,"href":"https:\/\/alumnext.deloitte.ca\/login\/wp-json\/wp\/v2\/pages\/2811\/revisions"}],"predecessor-version":[{"id":3064,"href":"https:\/\/alumnext.deloitte.ca\/login\/wp-json\/wp\/v2\/pages\/2811\/revisions\/3064"}],"wp:attachment":[{"href":"https:\/\/alumnext.deloitte.ca\/login\/wp-json\/wp\/v2\/media?parent=2811"}],"curies":[{"name":"wp","href":"https:\/\/api.w.org\/{rel}","templated":true}]}}