{"id":2806,"date":"2020-03-08T03:09:22","date_gmt":"2020-03-08T03:09:22","guid":{"rendered":"https:\/\/alumnext.deloitte.ca\/login\/registration\/"},"modified":"2025-08-26T23:50:06","modified_gmt":"2025-08-26T23:50:06","slug":"registration","status":"publish","type":"page","link":"https:\/\/alumnext.deloitte.ca\/login\/registration\/?lang=fr","title":{"rendered":"Inscription des anciens"},"content":{"rendered":"<p>[et_pb_section fb_built=&#8221;1&#8243; module_class=&#8221;iw-register-page&#8221; _builder_version=&#8221;4.19.4&#8243; background_color=&#8221;#ffffff&#8221; custom_padding=&#8221;0px||0px||false|false&#8221; global_colors_info=&#8221;{}&#8221;][et_pb_row module_class=&#8221;iw-register-row&#8221; _builder_version=&#8221;4.19.4&#8243; background_color=&#8221;#fafafa&#8221; width=&#8221;100%&#8221; width_tablet=&#8221;&#8221; width_phone=&#8221;&#8221; width_last_edited=&#8221;on|desktop&#8221; custom_padding=&#8221;||||false|false&#8221; global_colors_info=&#8221;{}&#8221;][et_pb_column type=&#8221;4_4&#8243; _builder_version=&#8221;4.16&#8243; global_colors_info=&#8221;{}&#8221;][et_pb_code admin_label=&#8221;iw-register-column iw-register-column-title&#8221; module_class=&#8221;iw-register-column iw-register-column-title&#8221; _builder_version=&#8221;4.27.4&#8243; _module_preset=&#8221;default&#8221; background_enable_image=&#8221;off&#8221; background_size=&#8221;contain&#8221; background_position=&#8221;center_right&#8221; global_colors_info=&#8221;{}&#8221;]<\/p>\n<h1><!-- [et_pb_line_break_holder] -->  <span>Joignez-vous \u00e0 AlumNEXT<sup style=\"font-size: x-large;\">MC<\/sup> :<\/span> le r\u00e9seau officiel des anciens de Deloitte Canada<!-- [et_pb_line_break_holder] --><\/h1>\n<p><!-- [et_pb_line_break_holder] -->[\/et_pb_code][et_pb_code admin_label=&#8221;iw-register-column iw-register-column-content&#8221; module_class=&#8221;iw-register-column iw-register-column-content&#8221; _builder_version=&#8221;4.27.4&#8243; background_color=&#8221;#fafafa&#8221; text_orientation=&#8221;left&#8221; width=&#8221;100%&#8221; width_tablet=&#8221;80%&#8221; width_phone=&#8221;100%&#8221; width_last_edited=&#8221;on|tablet&#8221; module_alignment=&#8221;left&#8221; custom_padding=&#8221;20px|20px|20px|20px|false|false&#8221; hover_enabled=&#8221;0&#8243; global_colors_info=&#8221;{}&#8221; sticky_enabled=&#8221;0&#8243;]<\/p>\n<div class=\"iw-registration-header\"><!-- [et_pb_line_break_holder] --><!-- [et_pb_line_break_holder] --><\/p>\n<h1><!-- [et_pb_line_break_holder] --> Cr\u00e9ez votre compte<!-- [et_pb_line_break_holder] --><\/h1>\n<p><!-- [et_pb_line_break_holder] --><!-- [et_pb_line_break_holder] --><!-- [et_pb_line_break_holder] --><pee><!-- [et_pb_line_break_holder] --> <span class=\"iw-text-lighter\">Nous avons h\u00e2te de vous compter parmi cette communaut\u00e9 extraordinaire.<\/span><!-- [et_pb_line_break_holder] --><\/pee><!-- [et_pb_line_break_holder] --><!-- [et_pb_line_break_holder] --><!-- [et_pb_line_break_holder] --><pee><!-- [et_pb_line_break_holder] --><span class=\"iw-text-lighter\">Si l&#8217;anglais est votre langue pr\u00e9f\u00e9r\u00e9e, utilisez le bouton en haut \u00e0 droite pour changer de langue.<\/span><!-- [et_pb_line_break_holder] --><\/pee><!-- [et_pb_line_break_holder] --><!-- [et_pb_line_break_holder] --><!-- [et_pb_line_break_holder] --><pee><!-- [et_pb_line_break_holder] --> <span class=\"iw-text-lighter\">Des questions? \u00c9crivez-nous \u00e0 l\u2019adresse<\/span>\u00a0<a href=\"mailto:alumnext@deloitte.ca\">alumnext@deloitte.ca<\/a><!-- [et_pb_line_break_holder] --><\/pee><!-- [et_pb_line_break_holder] --><!-- [et_pb_line_break_holder] --><\/div>\n<p><!\u2013- [et_pb_br_holder] -\u2013><!-- [et_pb_line_break_holder] --><!\u2013- [et_pb_br_holder] -\u2013><pee><\/pee><!\u2013- [et_pb_br_holder] -\u2013><!-- [et_pb_line_break_holder] -->[\/et_pb_code][\/et_pb_column][\/et_pb_row][\/et_pb_section]<\/p>\n","protected":false},"excerpt":{"rendered":"<p>Cr\u00e9ez votre compte Nous avons h\u00e2te de vous compter parmi cette communaut\u00e9 extraordinaire.Si l&#8217;anglais est votre langue pr\u00e9f\u00e9r\u00e9e, utilisez le bouton en haut \u00e0 droite pour changer de langue. Des questions? \u00c9crivez-nous \u00e0 l\u2019adresse\u00a0alumnext@deloitte.ca<\/p>\n","protected":false},"author":2,"featured_media":0,"parent":0,"menu_order":0,"comment_status":"closed","ping_status":"closed","template":"","meta":{"_et_pb_use_builder":"on","_et_pb_old_content":"","_et_gb_content_width":"","inline_featured_image":false,"footnotes":""},"class_list":["post-2806","page","type-page","status-publish","hentry"],"yoast_head":"<!-- This site is optimized with the Yoast SEO plugin v27.6 - https:\/\/yoast.com\/product\/yoast-seo-wordpress\/ -->\n<title>Inscription des anciens | Deloitte AlumNEXT<\/title>\n<meta name=\"description\" content=\"Inscrivez-vous au r\u00e9seau officiel des dipl\u00f4m\u00e9s de Deloitte Canada\" \/>\n<meta name=\"robots\" content=\"noindex, nofollow\" \/>\n<meta property=\"og:locale\" content=\"en_US\" \/>\n<meta property=\"og:type\" content=\"article\" \/>\n<meta property=\"og:title\" content=\"Inscription des anciens | Deloitte AlumNEXT\" \/>\n<meta property=\"og:description\" content=\"Inscrivez-vous au r\u00e9seau officiel des dipl\u00f4m\u00e9s de Deloitte Canada\" \/>\n<meta property=\"og:url\" content=\"https:\/\/alumnext.deloitte.ca\/login\/registration\/?lang=fr\" \/>\n<meta property=\"og:site_name\" content=\"Deloitte AlumNEXT\" \/>\n<meta property=\"article:modified_time\" content=\"2025-08-26T23:50:06+00:00\" \/>\n<meta name=\"twitter:card\" content=\"summary_large_image\" \/>\n<meta name=\"twitter:label1\" content=\"Est. reading time\" \/>\n\t<meta name=\"twitter:data1\" content=\"1 minute\" \/>\n<script type=\"application\/ld+json\" class=\"yoast-schema-graph\">{\"@context\":\"https:\\\/\\\/schema.org\",\"@graph\":[{\"@type\":\"WebPage\",\"@id\":\"https:\\\/\\\/alumnext.deloitte.ca\\\/login\\\/registration\\\/?lang=fr\",\"url\":\"https:\\\/\\\/alumnext.deloitte.ca\\\/login\\\/registration\\\/?lang=fr\",\"name\":\"Inscription des anciens | Deloitte AlumNEXT\",\"isPartOf\":{\"@id\":\"https:\\\/\\\/alumnext.deloitte.ca\\\/login\\\/#website\"},\"datePublished\":\"2020-03-08T03:09:22+00:00\",\"dateModified\":\"2025-08-26T23:50:06+00:00\",\"description\":\"Inscrivez-vous au r\u00e9seau officiel des dipl\u00f4m\u00e9s de Deloitte Canada\",\"breadcrumb\":{\"@id\":\"https:\\\/\\\/alumnext.deloitte.ca\\\/login\\\/registration\\\/?lang=fr#breadcrumb\"},\"inLanguage\":\"en-US\",\"potentialAction\":[{\"@type\":\"ReadAction\",\"target\":[\"https:\\\/\\\/alumnext.deloitte.ca\\\/login\\\/registration\\\/?lang=fr\"]}]},{\"@type\":\"BreadcrumbList\",\"@id\":\"https:\\\/\\\/alumnext.deloitte.ca\\\/login\\\/registration\\\/?lang=fr#breadcrumb\",\"itemListElement\":[{\"@type\":\"ListItem\",\"position\":1,\"name\":\"Home\",\"item\":\"https:\\\/\\\/alumnext.deloitte.ca\\\/login\\\/\"},{\"@type\":\"ListItem\",\"position\":2,\"name\":\"Inscription des anciens\"}]},{\"@type\":\"WebSite\",\"@id\":\"https:\\\/\\\/alumnext.deloitte.ca\\\/login\\\/#website\",\"url\":\"https:\\\/\\\/alumnext.deloitte.ca\\\/login\\\/\",\"name\":\"Deloitte AlumNet\",\"description\":\"Colleagues for Life\",\"alternateName\":\"Deloitte Alumni Network\",\"potentialAction\":[{\"@type\":\"SearchAction\",\"target\":{\"@type\":\"EntryPoint\",\"urlTemplate\":\"https:\\\/\\\/alumnext.deloitte.ca\\\/login\\\/?s={search_term_string}\"},\"query-input\":{\"@type\":\"PropertyValueSpecification\",\"valueRequired\":true,\"valueName\":\"search_term_string\"}}],\"inLanguage\":\"en-US\"}]}<\/script>\n<!-- \/ Yoast SEO plugin. -->","yoast_head_json":{"title":"Inscription des anciens | Deloitte AlumNEXT","description":"Inscrivez-vous au r\u00e9seau officiel des dipl\u00f4m\u00e9s de Deloitte Canada","robots":{"index":"noindex","follow":"nofollow"},"og_locale":"en_US","og_type":"article","og_title":"Inscription des anciens | Deloitte AlumNEXT","og_description":"Inscrivez-vous au r\u00e9seau officiel des dipl\u00f4m\u00e9s de Deloitte Canada","og_url":"https:\/\/alumnext.deloitte.ca\/login\/registration\/?lang=fr","og_site_name":"Deloitte AlumNEXT","article_modified_time":"2025-08-26T23:50:06+00:00","twitter_card":"summary_large_image","twitter_misc":{"Est. reading time":"1 minute"},"schema":{"@context":"https:\/\/schema.org","@graph":[{"@type":"WebPage","@id":"https:\/\/alumnext.deloitte.ca\/login\/registration\/?lang=fr","url":"https:\/\/alumnext.deloitte.ca\/login\/registration\/?lang=fr","name":"Inscription des anciens | Deloitte AlumNEXT","isPartOf":{"@id":"https:\/\/alumnext.deloitte.ca\/login\/#website"},"datePublished":"2020-03-08T03:09:22+00:00","dateModified":"2025-08-26T23:50:06+00:00","description":"Inscrivez-vous au r\u00e9seau officiel des dipl\u00f4m\u00e9s de Deloitte Canada","breadcrumb":{"@id":"https:\/\/alumnext.deloitte.ca\/login\/registration\/?lang=fr#breadcrumb"},"inLanguage":"en-US","potentialAction":[{"@type":"ReadAction","target":["https:\/\/alumnext.deloitte.ca\/login\/registration\/?lang=fr"]}]},{"@type":"BreadcrumbList","@id":"https:\/\/alumnext.deloitte.ca\/login\/registration\/?lang=fr#breadcrumb","itemListElement":[{"@type":"ListItem","position":1,"name":"Home","item":"https:\/\/alumnext.deloitte.ca\/login\/"},{"@type":"ListItem","position":2,"name":"Inscription des anciens"}]},{"@type":"WebSite","@id":"https:\/\/alumnext.deloitte.ca\/login\/#website","url":"https:\/\/alumnext.deloitte.ca\/login\/","name":"Deloitte AlumNet","description":"Colleagues for Life","alternateName":"Deloitte Alumni Network","potentialAction":[{"@type":"SearchAction","target":{"@type":"EntryPoint","urlTemplate":"https:\/\/alumnext.deloitte.ca\/login\/?s={search_term_string}"},"query-input":{"@type":"PropertyValueSpecification","valueRequired":true,"valueName":"search_term_string"}}],"inLanguage":"en-US"}]}},"_links":{"self":[{"href":"https:\/\/alumnext.deloitte.ca\/login\/wp-json\/wp\/v2\/pages\/2806","targetHints":{"allow":["GET"]}}],"collection":[{"href":"https:\/\/alumnext.deloitte.ca\/login\/wp-json\/wp\/v2\/pages"}],"about":[{"href":"https:\/\/alumnext.deloitte.ca\/login\/wp-json\/wp\/v2\/types\/page"}],"author":[{"embeddable":true,"href":"https:\/\/alumnext.deloitte.ca\/login\/wp-json\/wp\/v2\/users\/2"}],"replies":[{"embeddable":true,"href":"https:\/\/alumnext.deloitte.ca\/login\/wp-json\/wp\/v2\/comments?post=2806"}],"version-history":[{"count":33,"href":"https:\/\/alumnext.deloitte.ca\/login\/wp-json\/wp\/v2\/pages\/2806\/revisions"}],"predecessor-version":[{"id":3060,"href":"https:\/\/alumnext.deloitte.ca\/login\/wp-json\/wp\/v2\/pages\/2806\/revisions\/3060"}],"wp:attachment":[{"href":"https:\/\/alumnext.deloitte.ca\/login\/wp-json\/wp\/v2\/media?parent=2806"}],"curies":[{"name":"wp","href":"https:\/\/api.w.org\/{rel}","templated":true}]}}