{"id":2778,"date":"2022-12-17T01:34:40","date_gmt":"2022-12-17T01:34:40","guid":{"rendered":"https:\/\/alumnext.deloitte.ca\/login\/join-now\/"},"modified":"2025-08-26T07:08:28","modified_gmt":"2025-08-26T07:08:28","slug":"join-now","status":"publish","type":"page","link":"https:\/\/alumnext.deloitte.ca\/login\/join-now\/?lang=fr","title":{"rendered":"Join Now"},"content":{"rendered":"<p>[et_pb_section fb_built=&#8221;1&#8243; module_class=&#8221;iw-register-page&#8221; _builder_version=&#8221;4.19.4&#8243; _module_preset=&#8221;default&#8221; global_colors_info=&#8221;{}&#8221;][et_pb_row module_class=&#8221;iw-register-row&#8221; _builder_version=&#8221;4.19.4&#8243; _module_preset=&#8221;default&#8221; global_colors_info=&#8221;{}&#8221;][et_pb_column type=&#8221;4_4&#8243; _builder_version=&#8221;4.19.3&#8243; _module_preset=&#8221;default&#8221; global_colors_info=&#8221;{}&#8221;][et_pb_code admin_label=&#8221;iw-register-column iw-register-column-title Main heading&#8221; module_class=&#8221;iw-register-column iw-register-column-title&#8221; _builder_version=&#8221;4.27.4&#8243; _module_preset=&#8221;default&#8221; hover_enabled=&#8221;0&#8243; global_colors_info=&#8221;{}&#8221; sticky_enabled=&#8221;0&#8243;]<\/p>\n<h1><!-- [et_pb_line_break_holder] --> <span>Joignez-vous \u00e0 AlumNEXT<sup style=\"font-size: x-large;\">MC<\/sup> :<\/span> le r\u00e9seau officiel des anciens de Deloitte Canada<!-- [et_pb_line_break_holder] --><\/h1>\n<p>[\/et_pb_code][et_pb_code admin_label=&#8221;iw-register-column iw-register-column-content Right column registration options&#8221; module_class=&#8221;iw-register-column iw-register-column-content&#8221; _builder_version=&#8221;4.27.4&#8243; _module_preset=&#8221;default&#8221; global_colors_info=&#8221;{}&#8221;]<\/p>\n<div class=\"iw-registration-header\"><!-- [et_pb_line_break_holder] --><\/p>\n<h2><!-- [et_pb_line_break_holder] -->  Cr\u00e9ez votre compte<!-- [et_pb_line_break_holder] --><\/h2>\n<p><!-- [et_pb_line_break_holder] --><pee><!-- [et_pb_line_break_holder] -->  <span class=\"iw-text-lighter\">Des questions? \u00c9crivez-nous \u00e0 l\u2019adresse<\/span>\u00a0<a href=\"mailto:alumnext@deloitte.ca\">alumnext@deloitte.ca<\/a>.<!-- [et_pb_line_break_holder] --><\/pee><!-- [et_pb_line_break_holder] --><\/div>\n<p><!-- [et_pb_line_break_holder] --><\/p>\n<div class=\"iw-registation-list\"><!-- [et_pb_line_break_holder] -->  <\/p>\n<div class=\"iw-registration-listitem item-alumni\"><!-- [et_pb_line_break_holder] -->    <a href=\"https:\/\/alumnext.deloitte.ca\/login\/registration\/?lang=fr\"><!-- [et_pb_line_break_holder] -->      <\/p>\n<div class=\"container-image\"><!-- [et_pb_line_break_holder] -->        <img loading=\"lazy\" decoding=\"async\" src=\"\/wp-content\/uploads\/2023\/03\/AlumniRetired-PPMD.svg\" alt=\"\" width=\"48\" height=\"48\"><!-- [et_pb_line_break_holder] -->      <\/div>\n<p><!-- [et_pb_line_break_holder] -->      <\/p>\n<div class=\"container-text\"><!-- [et_pb_line_break_holder] -->        <\/p>\n<h3>Anciens de Deloitte et associ\u00e9s retrait\u00e9s<\/h3>\n<p><!-- [et_pb_line_break_holder] -->        <pee><!-- [et_pb_line_break_holder] -->          Anciens employ\u00e9s permanents et associ\u00e9s de Deloitte Canada<!-- [et_pb_line_break_holder] -->        <\/pee><!-- [et_pb_line_break_holder] -->      <\/div>\n<p><!-- [et_pb_line_break_holder] -->    <\/a><!-- [et_pb_line_break_holder] -->  <\/div>\n<p><!-- [et_pb_line_break_holder] -->  <\/p>\n<div class=\"iw-registration-listitem item-friend\"><!-- [et_pb_line_break_holder] -->    <a href=\"https:\/\/alumnext.deloitte.ca\/login\/registration-friend\/?lang=fr\"><!-- [et_pb_line_break_holder] -->      <\/p>\n<div class=\"container-image\"><!-- [et_pb_line_break_holder] -->        <img loading=\"lazy\" decoding=\"async\" src=\"\/wp-content\/uploads\/2023\/03\/Friend.svg\" alt=\"\" width=\"48\" height=\"48\"><!-- [et_pb_line_break_holder] -->      <\/div>\n<p><!-- [et_pb_line_break_holder] -->      <\/p>\n<div class=\"container-text\"><!-- [et_pb_line_break_holder] -->        <\/p>\n<h3>Ami du Cabinet<\/h3>\n<p><!-- [et_pb_line_break_holder] -->        <pee>Recommand\u00e9 par un associ\u00e9 ou un directeur de service pour participer au r\u00e9seau<\/pee><!-- [et_pb_line_break_holder] -->      <\/div>\n<p><!-- [et_pb_line_break_holder] -->    <\/a><!-- [et_pb_line_break_holder] -->  <\/div>\n<p><!-- [et_pb_line_break_holder] -->  <\/p>\n<div class=\"iw-registration-listitem item-recruiter\"><!-- [et_pb_line_break_holder] -->    <a href=\"https:\/\/alumnext.deloitte.ca\/login\/registration-recruiter\/?lang=fr\"><!-- [et_pb_line_break_holder] -->      <\/p>\n<div class=\"container-image\"><!-- [et_pb_line_break_holder] -->        <img loading=\"lazy\" decoding=\"async\" src=\"\/wp-content\/uploads\/2023\/03\/Recruiter.svg\" alt=\"\" width=\"48\" height=\"48\"><!-- [et_pb_line_break_holder] -->      <\/div>\n<p><!-- [et_pb_line_break_holder] -->      <\/p>\n<div class=\"container-text\"><!-- [et_pb_line_break_holder] -->        <\/p>\n<h3>Recruteur<\/h3>\n<p><!-- [et_pb_line_break_holder] -->        <pee>Vous cherchez des talents de haut calibre? Inscrivez-vous pour afficher des postes \u00e0 pourvoir.<\/pee><!-- [et_pb_line_break_holder] -->      <\/div>\n<p><!-- [et_pb_line_break_holder] -->    <\/a><\/div>\n<p><!-- [et_pb_line_break_holder] --><\/div>\n<p><!-- [et_pb_line_break_holder] --><\/p>\n<div class=\"iw-registration-footer\"><!-- [et_pb_line_break_holder] -->  <pee><!-- [et_pb_line_break_holder] -->  Employ\u00e9s actuels de Deloitte Canada : <a href=\"https:\/\/alumnext.deloitte.ca\/system\/sso\/oidc\/p\/peoplepath-prod\">cliquez ici<\/a> pour vous connecter.<!-- [et_pb_line_break_holder] --><\/pee><!-- [et_pb_line_break_holder] --><\/div>\n<p>[\/et_pb_code][\/et_pb_column][\/et_pb_row][\/et_pb_section]<\/p>\n","protected":false},"excerpt":{"rendered":"","protected":false},"author":2,"featured_media":0,"parent":0,"menu_order":0,"comment_status":"closed","ping_status":"closed","template":"","meta":{"_et_pb_use_builder":"on","_et_pb_old_content":"","_et_gb_content_width":"","inline_featured_image":false,"footnotes":""},"class_list":["post-2778","page","type-page","status-publish","hentry"],"yoast_head":"<!-- This site is optimized with the Yoast SEO plugin v27.5 - https:\/\/yoast.com\/product\/yoast-seo-wordpress\/ -->\n<title>Joignez-vous | Deloitte AlumNEXT<\/title>\n<meta name=\"robots\" content=\"index, follow, max-snippet:-1, max-image-preview:large, max-video-preview:-1\" \/>\n<link rel=\"canonical\" href=\"https:\/\/alumnext.deloitte.ca\/login\/join-now\/\" \/>\n<meta property=\"og:locale\" content=\"en_US\" \/>\n<meta property=\"og:type\" content=\"article\" \/>\n<meta property=\"og:title\" content=\"Joignez-vous | Deloitte AlumNEXT\" \/>\n<meta property=\"og:url\" content=\"https:\/\/alumnext.deloitte.ca\/login\/join-now\/?lang=fr\" \/>\n<meta property=\"og:site_name\" content=\"Deloitte AlumNEXT\" \/>\n<meta property=\"article:modified_time\" content=\"2025-08-26T07:08:28+00:00\" \/>\n<meta name=\"twitter:card\" content=\"summary_large_image\" \/>\n<meta name=\"twitter:label1\" content=\"Est. reading time\" \/>\n\t<meta name=\"twitter:data1\" content=\"1 minute\" \/>\n<script type=\"application\/ld+json\" class=\"yoast-schema-graph\">{\"@context\":\"https:\\\/\\\/schema.org\",\"@graph\":[{\"@type\":\"WebPage\",\"@id\":\"https:\\\/\\\/alumnext.deloitte.ca\\\/login\\\/join-now\\\/?lang=fr\",\"url\":\"https:\\\/\\\/alumnext.deloitte.ca\\\/login\\\/join-now\\\/?lang=fr\",\"name\":\"Joignez-vous | Deloitte AlumNEXT\",\"isPartOf\":{\"@id\":\"https:\\\/\\\/alumnext.deloitte.ca\\\/login\\\/#website\"},\"datePublished\":\"2022-12-17T01:34:40+00:00\",\"dateModified\":\"2025-08-26T07:08:28+00:00\",\"breadcrumb\":{\"@id\":\"https:\\\/\\\/alumnext.deloitte.ca\\\/login\\\/join-now\\\/?lang=fr#breadcrumb\"},\"inLanguage\":\"en-US\",\"potentialAction\":[{\"@type\":\"ReadAction\",\"target\":[\"https:\\\/\\\/alumnext.deloitte.ca\\\/login\\\/join-now\\\/?lang=fr\"]}]},{\"@type\":\"BreadcrumbList\",\"@id\":\"https:\\\/\\\/alumnext.deloitte.ca\\\/login\\\/join-now\\\/?lang=fr#breadcrumb\",\"itemListElement\":[{\"@type\":\"ListItem\",\"position\":1,\"name\":\"Home\",\"item\":\"https:\\\/\\\/alumnext.deloitte.ca\\\/login\\\/\"},{\"@type\":\"ListItem\",\"position\":2,\"name\":\"Join Now\"}]},{\"@type\":\"WebSite\",\"@id\":\"https:\\\/\\\/alumnext.deloitte.ca\\\/login\\\/#website\",\"url\":\"https:\\\/\\\/alumnext.deloitte.ca\\\/login\\\/\",\"name\":\"Deloitte AlumNet\",\"description\":\"Colleagues for Life\",\"alternateName\":\"Deloitte Alumni Network\",\"potentialAction\":[{\"@type\":\"SearchAction\",\"target\":{\"@type\":\"EntryPoint\",\"urlTemplate\":\"https:\\\/\\\/alumnext.deloitte.ca\\\/login\\\/?s={search_term_string}\"},\"query-input\":{\"@type\":\"PropertyValueSpecification\",\"valueRequired\":true,\"valueName\":\"search_term_string\"}}],\"inLanguage\":\"en-US\"}]}<\/script>\n<!-- \/ Yoast SEO plugin. -->","yoast_head_json":{"title":"Joignez-vous | Deloitte AlumNEXT","robots":{"index":"index","follow":"follow","max-snippet":"max-snippet:-1","max-image-preview":"max-image-preview:large","max-video-preview":"max-video-preview:-1"},"canonical":"https:\/\/alumnext.deloitte.ca\/login\/join-now\/","og_locale":"en_US","og_type":"article","og_title":"Joignez-vous | Deloitte AlumNEXT","og_url":"https:\/\/alumnext.deloitte.ca\/login\/join-now\/?lang=fr","og_site_name":"Deloitte AlumNEXT","article_modified_time":"2025-08-26T07:08:28+00:00","twitter_card":"summary_large_image","twitter_misc":{"Est. reading time":"1 minute"},"schema":{"@context":"https:\/\/schema.org","@graph":[{"@type":"WebPage","@id":"https:\/\/alumnext.deloitte.ca\/login\/join-now\/?lang=fr","url":"https:\/\/alumnext.deloitte.ca\/login\/join-now\/?lang=fr","name":"Joignez-vous | Deloitte AlumNEXT","isPartOf":{"@id":"https:\/\/alumnext.deloitte.ca\/login\/#website"},"datePublished":"2022-12-17T01:34:40+00:00","dateModified":"2025-08-26T07:08:28+00:00","breadcrumb":{"@id":"https:\/\/alumnext.deloitte.ca\/login\/join-now\/?lang=fr#breadcrumb"},"inLanguage":"en-US","potentialAction":[{"@type":"ReadAction","target":["https:\/\/alumnext.deloitte.ca\/login\/join-now\/?lang=fr"]}]},{"@type":"BreadcrumbList","@id":"https:\/\/alumnext.deloitte.ca\/login\/join-now\/?lang=fr#breadcrumb","itemListElement":[{"@type":"ListItem","position":1,"name":"Home","item":"https:\/\/alumnext.deloitte.ca\/login\/"},{"@type":"ListItem","position":2,"name":"Join Now"}]},{"@type":"WebSite","@id":"https:\/\/alumnext.deloitte.ca\/login\/#website","url":"https:\/\/alumnext.deloitte.ca\/login\/","name":"Deloitte AlumNet","description":"Colleagues for Life","alternateName":"Deloitte Alumni Network","potentialAction":[{"@type":"SearchAction","target":{"@type":"EntryPoint","urlTemplate":"https:\/\/alumnext.deloitte.ca\/login\/?s={search_term_string}"},"query-input":{"@type":"PropertyValueSpecification","valueRequired":true,"valueName":"search_term_string"}}],"inLanguage":"en-US"}]}},"_links":{"self":[{"href":"https:\/\/alumnext.deloitte.ca\/login\/wp-json\/wp\/v2\/pages\/2778","targetHints":{"allow":["GET"]}}],"collection":[{"href":"https:\/\/alumnext.deloitte.ca\/login\/wp-json\/wp\/v2\/pages"}],"about":[{"href":"https:\/\/alumnext.deloitte.ca\/login\/wp-json\/wp\/v2\/types\/page"}],"author":[{"embeddable":true,"href":"https:\/\/alumnext.deloitte.ca\/login\/wp-json\/wp\/v2\/users\/2"}],"replies":[{"embeddable":true,"href":"https:\/\/alumnext.deloitte.ca\/login\/wp-json\/wp\/v2\/comments?post=2778"}],"version-history":[{"count":22,"href":"https:\/\/alumnext.deloitte.ca\/login\/wp-json\/wp\/v2\/pages\/2778\/revisions"}],"predecessor-version":[{"id":3055,"href":"https:\/\/alumnext.deloitte.ca\/login\/wp-json\/wp\/v2\/pages\/2778\/revisions\/3055"}],"wp:attachment":[{"href":"https:\/\/alumnext.deloitte.ca\/login\/wp-json\/wp\/v2\/media?parent=2778"}],"curies":[{"name":"wp","href":"https:\/\/api.w.org\/{rel}","templated":true}]}}