{"id":2481,"date":"2020-02-26T00:29:19","date_gmt":"2020-02-26T00:29:19","guid":{"rendered":"https:\/\/wp.peoplepath.com\/deloitte-ca\/login\/"},"modified":"2025-08-28T23:39:12","modified_gmt":"2025-08-28T23:39:12","slug":"login","status":"publish","type":"page","link":"https:\/\/alumnext.deloitte.ca\/login\/login\/?lang=fr","title":{"rendered":"Login"},"content":{"rendered":"<p>[et_pb_section fb_built=&#8221;1&#8243; admin_label=&#8221;Section &#8211; Hero Home&#8221; module_class=&#8221;iw-hero&#8221; _builder_version=&#8221;4.27.4&#8243; _module_preset=&#8221;default&#8221; background_enable_image=&#8221;off&#8221; background_size=&#8221;contain&#8221; background_video_mp4=&#8221;https:\/\/alumnext.deloitte.ca\/login\/wp-content\/uploads\/2025\/06\/Alumni_CleanLogoLoop_16-9_WEB-2_compressed.mp4&#8243; background_last_edited=&#8221;on|phone&#8221; background_enable_image_phone=&#8221;off&#8221; background_size_phone=&#8221;contain&#8221; background_video_mp4_phone=&#8221;https:\/\/alumnext.deloitte.ca\/login\/wp-content\/uploads\/2025\/06\/Alumni_CleanLogoLoop_16-9_WEB-2_2_mobile.mp4&#8243; background_enable_video_mp4_phone=&#8221;on&#8221; global_colors_info=&#8221;{}&#8221;][et_pb_row module_class=&#8221;iw-hero-main&#8221; _builder_version=&#8221;4.18.0&#8243; _module_preset=&#8221;default&#8221; background_image=&#8221;https:\/\/wp.peoplepath.com\/deloitte-ca\/wp-content\/uploads\/2022\/09\/Deloitte_Header_1280-x-720.jpg&#8221; min_height=&#8221;46vw&#8221; height=&#8221;46vw&#8221; background_last_edited=&#8221;on|phone&#8221; background_image_tablet=&#8221;https:\/\/wp-eu.intraworlds.com\/deloitte\/login\/wp-content\/uploads\/2022\/09\/Deloitte_Login_1280-x-720.jpg&#8221; background_image_phone=&#8221;https:\/\/wp-eu.intraworlds.com\/deloitte\/login\/wp-content\/uploads\/2022\/09\/Deloitte_Header_mobilex2.jpg&#8221; background_enable_image_tablet=&#8221;on&#8221; background_enable_image_phone=&#8221;on&#8221; global_colors_info=&#8221;{}&#8221;][et_pb_column type=&#8221;4_4&#8243; _builder_version=&#8221;4.16&#8243; _module_preset=&#8221;default&#8221; global_colors_info=&#8221;{}&#8221;][et_pb_text admin_label=&#8221;Text &#8211; Welcome&#8221; module_class=&#8221;iw-background-image iw-hero-text&#8221; _builder_version=&#8221;4.27.4&#8243; _module_preset=&#8221;default&#8221; background_enable_image=&#8221;off&#8221; module_alignment=&#8221;center&#8221; global_colors_info=&#8221;{}&#8221;]<\/p>\n<div class=\"iw-card\">\n<div class=\"iw-mask\">\n<div class=\"iw-inner\">\n<h1 class=\"iw-highlight-text\">AlumNEXT<span style=\"font-size: x-large;\"><sup>MC<\/sup><\/span><\/h1>\n<h2><strong>Deloitte un jour. Deloitte toujours.<\/strong><\/h2>\n<p>Notre raison d\u2019\u00eatre est de cr\u00e9er une communaut\u00e9 extraordinaire qui vous donne acc\u00e8s \u00e0 ce dont vous avez besoin pour passer avec succ\u00e8s \u00e0 la prochaine \u00e9tape de votre parcours.<\/p>\n<p><strong><em>Coll\u00e8gues. Amis. Mentors. <span class=\"iw-highlight-text\">Pour la vie.<\/span><\/em><\/strong><\/p>\n<div class=\"iw-cta-group\"><a href=\"https:\/\/alumnext.deloitte.ca\/system\/sso\/oidc\/p\/peoplepath-prod\" class=\"iw-main\">Connexion<\/a><br \/><a href=\"join-now\/?lang=fr\" class=\"iw-button iw-tertiary\">Inscription<\/a><\/div>\n<\/div>\n<\/div>\n<\/div>\n<p>[\/et_pb_text][et_pb_code disabled_on=&#8221;off|off|off&#8221; admin_label=&#8221;Code &#8211; JavaScript redirect for url and error parameters&#8221; _builder_version=&#8221;4.27.4&#8243; _module_preset=&#8221;default&#8221; global_colors_info=&#8221;{}&#8221;]<script><!-- [et_pb_line_break_holder] -->function getQueryVariable(variable) {<!-- [et_pb_line_break_holder] -->\t\t\t\t\t\t\t var query = window.location.search.substring(1);<!-- [et_pb_line_break_holder] -->\t\t\t\t\t\t\t var vars = query.split(\"&\");<!-- [et_pb_line_break_holder] -->\t\t\t\t\t\t\t for (var i=0;i<vars.length;i++) {<!-- [et_pb_line_break_holder] -->\t\t\t\t\t\t\t\t\t\t\t var pair = vars[i].split(\"=\");<!-- [et_pb_line_break_holder] -->\t\t\t\t\t\t\t\t\t\t\t if(pair[0] == variable){return pair[1];}<!-- [et_pb_line_break_holder] -->\t\t\t\t\t\t\t }<!-- [et_pb_line_break_holder] -->\t\t\t\t\t\t\t return(false);<!-- [et_pb_line_break_holder] -->\t\t\t\t};<!-- [et_pb_line_break_holder] --><!-- [et_pb_line_break_holder] -->\t\t\t\tfunction redirectQueryVariable(){<!-- [et_pb_line_break_holder] -->\t\t\t\t\tvar has_error = getQueryVariable(\"error\");<!-- [et_pb_line_break_holder] -->\t\t\t\t\tvar has_url = getQueryVariable(\"url\");<!-- [et_pb_line_break_holder] -->\t\t\t\t\tif( ( has_error ) || ( has_url ) ) {<!-- [et_pb_line_break_holder] -->            var myquery = window.location.search.substring(1);<!-- [et_pb_line_break_holder] -->\t\t\t\t\t\t\/\/ console.log(\"I am error\");<!-- [et_pb_line_break_holder] -->            console.log(myquery);<!-- [et_pb_line_break_holder] -->            window.location.replace(\"https:\/\/alumnext.deloitte.ca\/login\/alumni-login\/?\" + myquery);<!-- [et_pb_line_break_holder] -->          }<!-- [et_pb_line_break_holder] -->\t\t\t\t}<!-- [et_pb_line_break_holder] -->\t\t\t\twindow.addEventListener(\"load\", redirectQueryVariable);<!-- [et_pb_line_break_holder] --><!-- [et_pb_line_break_holder] --><\/script>[\/et_pb_code][\/et_pb_column][\/et_pb_row][\/et_pb_section][et_pb_section fb_built=&#8221;1&#8243; admin_label=&#8221;Section &#8211; video&#8221; module_class=&#8221;iw-video&#8221; _builder_version=&#8221;4.27.4&#8243; _module_preset=&#8221;default&#8221; background_image=&#8221;https:\/\/alumnext.deloitte.ca\/login\/wp-content\/uploads\/2025\/05\/AlumNEXT_Section1_2560x1600.webp&#8221; global_colors_info=&#8221;{}&#8221;][et_pb_row _builder_version=&#8221;4.27.4&#8243; _module_preset=&#8221;default&#8221; global_colors_info=&#8221;{}&#8221;][et_pb_column type=&#8221;4_4&#8243; _builder_version=&#8221;4.27.4&#8243; _module_preset=&#8221;default&#8221; global_colors_info=&#8221;{}&#8221;][et_pb_video src=&#8221;https:\/\/alumnext.deloitte.ca\/login\/wp-content\/uploads\/2025\/08\/AlumNext_Hero_FR_BurnedSubtitles_128MB.mp4&#8243; image_src=&#8221;https:\/\/alumnext.deloitte.ca\/login\/wp-content\/uploads\/2025\/08\/AlumNext_video_ph-2_FR.jpg&#8221; _builder_version=&#8221;4.27.4&#8243; _module_preset=&#8221;default&#8221; hover_enabled=&#8221;0&#8243; global_colors_info=&#8221;{}&#8221; title_text=&#8221;AlumNext_video_ph-2_FR&#8221; sticky_enabled=&#8221;0&#8243;][\/et_pb_video][\/et_pb_column][\/et_pb_row][\/et_pb_section][et_pb_section fb_built=&#8221;1&#8243; admin_label=&#8221;Section &#8211; benefits&#8221; module_class=&#8221;iw-section iw-benefits iw-section-alt&#8221; _builder_version=&#8221;4.27.4&#8243; _module_preset=&#8221;default&#8221; global_colors_info=&#8221;{}&#8221;][et_pb_row _builder_version=&#8221;4.27.4&#8243; _module_preset=&#8221;default&#8221; global_colors_info=&#8221;{}&#8221;][et_pb_column type=&#8221;4_4&#8243; _builder_version=&#8221;4.27.4&#8243; _module_preset=&#8221;default&#8221; global_colors_info=&#8221;{}&#8221;][et_pb_code _builder_version=&#8221;4.27.4&#8243; _module_preset=&#8221;default&#8221; global_colors_info=&#8221;{}&#8221;]<\/p>\n<h2><!-- [et_pb_line_break_holder] -->  Quels sont les avantages pour vous?<!-- [et_pb_line_break_holder] --><\/h2>\n<p><!-- [et_pb_line_break_holder] --><\/p>\n<div class=\"iw-grid-auto\"><!-- [et_pb_line_break_holder] -->  <\/p>\n<div class=\"iw-column iw-card\"><!-- [et_pb_line_break_holder] -->    <img loading=\"lazy\" decoding=\"async\" class=\"iw-benefits-icon\" src=\"https:\/\/alumnext.deloitte.ca\/login\/wp-content\/uploads\/2025\/05\/icon-benefit-1.png\" width=\"57\" height=\"57\" alt=\"\"><!-- [et_pb_line_break_holder] -->    <pee><!-- [et_pb_line_break_holder] -->      <strong>Choisissez votre cadeau de bienvenue personnel<\/strong> lors de votre inscription afin de d\u00e9marrer votre parcours au sein de notre r\u00e9seau d\u2019anciens.<!-- [et_pb_line_break_holder] -->    <\/pee><!-- [et_pb_line_break_holder] -->  <\/div>\n<p><!-- [et_pb_line_break_holder] -->  <!-- [et_pb_line_break_holder] -->  <\/p>\n<div class=\"iw-column iw-card\"><!-- [et_pb_line_break_holder] -->    <img loading=\"lazy\" decoding=\"async\" class=\"iw-benefits-icon\" src=\"https:\/\/alumnext.deloitte.ca\/login\/wp-content\/uploads\/2025\/05\/icon-benefit-2.png\" width=\"57\" height=\"57\" alt=\"\"><!-- [et_pb_line_break_holder] -->    <pee><!-- [et_pb_line_break_holder] -->\t\t\t<strong>Renouez avec vos anciens coll\u00e8gues et leaders<\/strong> gr\u00e2ce \u00e0 notre r\u00e9pertoire en ligne ainsi qu\u2019\u00e0 nos \u00e9v\u00e9nements.<!-- [et_pb_line_break_holder] -->  \t<\/pee><!-- [et_pb_line_break_holder] -->  <\/div>\n<p><!-- [et_pb_line_break_holder] -->  <!-- [et_pb_line_break_holder] -->  <\/p>\n<div class=\"iw-column iw-card\"><!-- [et_pb_line_break_holder] -->    <img loading=\"lazy\" decoding=\"async\" class=\"iw-benefits-icon\" src=\"https:\/\/alumnext.deloitte.ca\/login\/wp-content\/uploads\/2025\/05\/icon-benefit-3.png\" width=\"57\" height=\"57\" alt=\"\"><!-- [et_pb_line_break_holder] -->    <pee><!-- [et_pb_line_break_holder] -->\t\t\t<strong>Trouvez les ressources et les informations sur le march\u00e9<\/strong> qui vous aideront \u00e0 chaque \u00e9tape de votre carri\u00e8re.<!-- [et_pb_line_break_holder] -->    <\/pee><!-- [et_pb_line_break_holder] -->  <\/div>\n<p><!-- [et_pb_line_break_holder] -->  <!-- [et_pb_line_break_holder] -->  <\/p>\n<div class=\"iw-column iw-card\"><!-- [et_pb_line_break_holder] -->    <img loading=\"lazy\" decoding=\"async\" class=\"iw-benefits-icon\" src=\"https:\/\/alumnext.deloitte.ca\/login\/wp-content\/uploads\/2025\/05\/icon-benefit-4.png\" width=\"57\" height=\"57\" alt=\"\"><!-- [et_pb_line_break_holder] -->    <pee><!-- [et_pb_line_break_holder] -->\t\t\t<strong>Publiez sur notre tableau d\u2019affichage des offres d\u2019emploi ou effectuez-y une recherche<\/strong> pour d\u00e9couvrir les nouveaux postes \u00e0 pourvoir chez Deloitte ou votre prochain emploi dans le secteur.<!-- [et_pb_line_break_holder] -->    <\/pee><!-- [et_pb_line_break_holder] -->  <\/div>\n<p><!-- [et_pb_line_break_holder] --><\/div>\n<p>[\/et_pb_code][\/et_pb_column][\/et_pb_row][\/et_pb_section][et_pb_section fb_built=&#8221;1&#8243; admin_label=&#8221;Section &#8211; recruiter&#8221; module_class=&#8221;iw-section iw-section-main iw-recruiter&#8221; _builder_version=&#8221;4.27.4&#8243; _module_preset=&#8221;default&#8221; global_colors_info=&#8221;{}&#8221;][et_pb_row _builder_version=&#8221;4.27.4&#8243; _module_preset=&#8221;default&#8221; global_colors_info=&#8221;{}&#8221;][et_pb_column type=&#8221;4_4&#8243; _builder_version=&#8221;4.27.4&#8243; _module_preset=&#8221;default&#8221; global_colors_info=&#8221;{}&#8221;][et_pb_code _builder_version=&#8221;4.27.4&#8243; _module_preset=&#8221;default&#8221; global_colors_info=&#8221;{}&#8221;]<\/p>\n<div class=\"iw-grid iw-grid-two\"><!-- [et_pb_line_break_holder] -->  <\/p>\n<div class=\"iw-column\"><!-- [et_pb_line_break_holder] -->    <\/p>\n<h2><!-- [et_pb_line_break_holder] -->      Vous recrutez et<!\u2013- [et_pb_br_holder] -\u2013>recherchez les<!\u2013- [et_pb_br_holder] -\u2013>meilleurs talents?<!-- [et_pb_line_break_holder] -->    <\/h2>\n<p><!-- [et_pb_line_break_holder] -->    <!-- [et_pb_line_break_holder] -->   \t<pee>Les anciens de Deloitte sont des professionnels hautement qualifi\u00e9s qui comptent parmi les candidats les plus comp\u00e9tents sur le march\u00e9.<\/pee><!-- [et_pb_line_break_holder] --><!-- [et_pb_line_break_holder] -->\t\t<pee>Nous invitons les recruteurs externes \u00e0 cr\u00e9er un compte afin de publier des offres d\u2019emploi sur notre tableau d\u2019affichage et d\u2019y trouver des talents exceptionnels.<\/pee><!-- [et_pb_line_break_holder] --><!\u2013- [et_pb_br_holder] -\u2013><!-- [et_pb_line_break_holder] -->\t\t<a href=\"\" class=\"iw-button iw-tertiary\">Inscrivez-vous pour cr\u00e9er un compte de recruteur<\/a><!-- [et_pb_line_break_holder] -->   <!-- [et_pb_line_break_holder] -->  <\/div>\n<p><!-- [et_pb_line_break_holder] --><!-- [et_pb_line_break_holder] -->\t<\/p>\n<div class=\"iw-column\"><!-- [et_pb_line_break_holder] -->    <img decoding=\"async\" src=\"https:\/\/alumnext.deloitte.ca\/login\/wp-content\/uploads\/2025\/05\/image-recruiter-1540.webp\" alt=\"\"><!-- [et_pb_line_break_holder] -->\t<\/div>\n<p><!-- [et_pb_line_break_holder] --><\/div>\n<p>[\/et_pb_code][\/et_pb_column][\/et_pb_row][\/et_pb_section]<\/p>\n","protected":false},"excerpt":{"rendered":"<p>AlumNEXTMC Deloitte un jour. Deloitte toujours. Notre raison d\u2019\u00eatre est de cr\u00e9er une communaut\u00e9 extraordinaire qui vous donne acc\u00e8s \u00e0 ce dont vous avez besoin pour passer avec succ\u00e8s \u00e0 la prochaine \u00e9tape de votre parcours.Coll\u00e8gues. Amis. Mentors. Pour la vie. ConnexionInscription<\/p>\n","protected":false},"author":2,"featured_media":0,"parent":0,"menu_order":0,"comment_status":"closed","ping_status":"closed","template":"","meta":{"_et_pb_use_builder":"on","_et_pb_old_content":"","_et_gb_content_width":"","inline_featured_image":false,"footnotes":""},"class_list":["post-2481","page","type-page","status-publish","hentry"],"yoast_head":"<!-- This site is optimized with the Yoast SEO plugin v27.6 - https:\/\/yoast.com\/product\/yoast-seo-wordpress\/ -->\n<title>Deloitte Alumni Network<\/title>\n<meta name=\"description\" content=\"The Deloitte Alumni Network is a community of over 14,000 people; a network of professionals who support each other, and stay connected, wherever we might be today.\" \/>\n<meta name=\"robots\" content=\"index, follow, max-snippet:-1, max-image-preview:large, max-video-preview:-1\" \/>\n<link rel=\"canonical\" href=\"https:\/\/alumnext.deloitte.ca\/login\/login\/\" \/>\n<meta property=\"og:locale\" content=\"en_US\" \/>\n<meta property=\"og:type\" content=\"article\" \/>\n<meta property=\"og:title\" content=\"Deloitte AlumNEXT\" \/>\n<meta property=\"og:description\" content=\"The Deloitte Alumni Network is a community of over 14,000 people; a network of professionals who support each other, and stay connected, wherever we might be today.\" \/>\n<meta property=\"og:url\" content=\"https:\/\/alumnext.deloitte.ca\/login\/login\/?lang=fr\" \/>\n<meta property=\"og:site_name\" content=\"Deloitte AlumNEXT\" \/>\n<meta property=\"article:modified_time\" content=\"2025-08-28T23:39:12+00:00\" \/>\n<meta property=\"og:image\" content=\"https:\/\/wp-eu.intraworlds.com\/deloitte\/login\/wp-content\/uploads\/2021\/09\/Deloitte_subspot_600-x-400_02.jpg\" \/>\n<meta name=\"twitter:card\" content=\"summary_large_image\" \/>\n<meta name=\"twitter:title\" content=\"Deloitte AlumNEXT\" \/>\n<meta name=\"twitter:description\" content=\"The Deloitte Alumni Network is a community of over 14,000 people; a network of professionals who support each other, and stay connected, wherever we might be today.\" \/>\n<meta name=\"twitter:image\" content=\"https:\/\/wp-eu.intraworlds.com\/deloitte\/login\/wp-content\/uploads\/2021\/09\/Deloitte_subspot_600-x-400_02-150x150.jpg\" \/>\n<meta name=\"twitter:label1\" content=\"Est. reading time\" \/>\n\t<meta name=\"twitter:data1\" content=\"2 minutes\" \/>\n<script type=\"application\/ld+json\" class=\"yoast-schema-graph\">{\"@context\":\"https:\\\/\\\/schema.org\",\"@graph\":[{\"@type\":\"WebPage\",\"@id\":\"https:\\\/\\\/alumnext.deloitte.ca\\\/login\\\/login\\\/?lang=fr\",\"url\":\"https:\\\/\\\/alumnext.deloitte.ca\\\/login\\\/login\\\/?lang=fr\",\"name\":\"Deloitte Alumni Network\",\"isPartOf\":{\"@id\":\"https:\\\/\\\/alumnext.deloitte.ca\\\/login\\\/#website\"},\"primaryImageOfPage\":{\"@id\":\"https:\\\/\\\/alumnext.deloitte.ca\\\/login\\\/login\\\/?lang=fr#primaryimage\"},\"image\":{\"@id\":\"https:\\\/\\\/alumnext.deloitte.ca\\\/login\\\/login\\\/?lang=fr#primaryimage\"},\"thumbnailUrl\":\"https:\\\/\\\/alumnext.deloitte.ca\\\/login\\\/wp-content\\\/uploads\\\/2025\\\/05\\\/icon-benefit-1.png\",\"datePublished\":\"2020-02-26T00:29:19+00:00\",\"dateModified\":\"2025-08-28T23:39:12+00:00\",\"description\":\"The Deloitte Alumni Network is a community of over 14,000 people; a network of professionals who support each other, and stay connected, wherever we might be today.\",\"breadcrumb\":{\"@id\":\"https:\\\/\\\/alumnext.deloitte.ca\\\/login\\\/login\\\/?lang=fr#breadcrumb\"},\"inLanguage\":\"en-US\",\"potentialAction\":[{\"@type\":\"ReadAction\",\"target\":[\"https:\\\/\\\/alumnext.deloitte.ca\\\/login\\\/login\\\/?lang=fr\"]}]},{\"@type\":\"ImageObject\",\"inLanguage\":\"en-US\",\"@id\":\"https:\\\/\\\/alumnext.deloitte.ca\\\/login\\\/login\\\/?lang=fr#primaryimage\",\"url\":\"https:\\\/\\\/alumnext.deloitte.ca\\\/login\\\/wp-content\\\/uploads\\\/2025\\\/05\\\/icon-benefit-1.png\",\"contentUrl\":\"https:\\\/\\\/alumnext.deloitte.ca\\\/login\\\/wp-content\\\/uploads\\\/2025\\\/05\\\/icon-benefit-1.png\",\"width\":114,\"height\":114},{\"@type\":\"BreadcrumbList\",\"@id\":\"https:\\\/\\\/alumnext.deloitte.ca\\\/login\\\/login\\\/?lang=fr#breadcrumb\",\"itemListElement\":[{\"@type\":\"ListItem\",\"position\":1,\"name\":\"Home\",\"item\":\"https:\\\/\\\/alumnext.deloitte.ca\\\/login\\\/\"},{\"@type\":\"ListItem\",\"position\":2,\"name\":\"Login\"}]},{\"@type\":\"WebSite\",\"@id\":\"https:\\\/\\\/alumnext.deloitte.ca\\\/login\\\/#website\",\"url\":\"https:\\\/\\\/alumnext.deloitte.ca\\\/login\\\/\",\"name\":\"Deloitte AlumNet\",\"description\":\"Colleagues for Life\",\"alternateName\":\"Deloitte Alumni Network\",\"potentialAction\":[{\"@type\":\"SearchAction\",\"target\":{\"@type\":\"EntryPoint\",\"urlTemplate\":\"https:\\\/\\\/alumnext.deloitte.ca\\\/login\\\/?s={search_term_string}\"},\"query-input\":{\"@type\":\"PropertyValueSpecification\",\"valueRequired\":true,\"valueName\":\"search_term_string\"}}],\"inLanguage\":\"en-US\"}]}<\/script>\n<!-- \/ Yoast SEO plugin. -->","yoast_head_json":{"title":"Deloitte Alumni Network","description":"The Deloitte Alumni Network is a community of over 14,000 people; a network of professionals who support each other, and stay connected, wherever we might be today.","robots":{"index":"index","follow":"follow","max-snippet":"max-snippet:-1","max-image-preview":"max-image-preview:large","max-video-preview":"max-video-preview:-1"},"canonical":"https:\/\/alumnext.deloitte.ca\/login\/login\/","og_locale":"en_US","og_type":"article","og_title":"Deloitte AlumNEXT","og_description":"The Deloitte Alumni Network is a community of over 14,000 people; a network of professionals who support each other, and stay connected, wherever we might be today.","og_url":"https:\/\/alumnext.deloitte.ca\/login\/login\/?lang=fr","og_site_name":"Deloitte AlumNEXT","article_modified_time":"2025-08-28T23:39:12+00:00","og_image":[{"url":"https:\/\/wp-eu.intraworlds.com\/deloitte\/login\/wp-content\/uploads\/2021\/09\/Deloitte_subspot_600-x-400_02.jpg","type":"","width":"","height":""}],"twitter_card":"summary_large_image","twitter_title":"Deloitte AlumNEXT","twitter_description":"The Deloitte Alumni Network is a community of over 14,000 people; a network of professionals who support each other, and stay connected, wherever we might be today.","twitter_image":"https:\/\/wp-eu.intraworlds.com\/deloitte\/login\/wp-content\/uploads\/2021\/09\/Deloitte_subspot_600-x-400_02-150x150.jpg","twitter_misc":{"Est. reading time":"2 minutes"},"schema":{"@context":"https:\/\/schema.org","@graph":[{"@type":"WebPage","@id":"https:\/\/alumnext.deloitte.ca\/login\/login\/?lang=fr","url":"https:\/\/alumnext.deloitte.ca\/login\/login\/?lang=fr","name":"Deloitte Alumni Network","isPartOf":{"@id":"https:\/\/alumnext.deloitte.ca\/login\/#website"},"primaryImageOfPage":{"@id":"https:\/\/alumnext.deloitte.ca\/login\/login\/?lang=fr#primaryimage"},"image":{"@id":"https:\/\/alumnext.deloitte.ca\/login\/login\/?lang=fr#primaryimage"},"thumbnailUrl":"https:\/\/alumnext.deloitte.ca\/login\/wp-content\/uploads\/2025\/05\/icon-benefit-1.png","datePublished":"2020-02-26T00:29:19+00:00","dateModified":"2025-08-28T23:39:12+00:00","description":"The Deloitte Alumni Network is a community of over 14,000 people; a network of professionals who support each other, and stay connected, wherever we might be today.","breadcrumb":{"@id":"https:\/\/alumnext.deloitte.ca\/login\/login\/?lang=fr#breadcrumb"},"inLanguage":"en-US","potentialAction":[{"@type":"ReadAction","target":["https:\/\/alumnext.deloitte.ca\/login\/login\/?lang=fr"]}]},{"@type":"ImageObject","inLanguage":"en-US","@id":"https:\/\/alumnext.deloitte.ca\/login\/login\/?lang=fr#primaryimage","url":"https:\/\/alumnext.deloitte.ca\/login\/wp-content\/uploads\/2025\/05\/icon-benefit-1.png","contentUrl":"https:\/\/alumnext.deloitte.ca\/login\/wp-content\/uploads\/2025\/05\/icon-benefit-1.png","width":114,"height":114},{"@type":"BreadcrumbList","@id":"https:\/\/alumnext.deloitte.ca\/login\/login\/?lang=fr#breadcrumb","itemListElement":[{"@type":"ListItem","position":1,"name":"Home","item":"https:\/\/alumnext.deloitte.ca\/login\/"},{"@type":"ListItem","position":2,"name":"Login"}]},{"@type":"WebSite","@id":"https:\/\/alumnext.deloitte.ca\/login\/#website","url":"https:\/\/alumnext.deloitte.ca\/login\/","name":"Deloitte AlumNet","description":"Colleagues for Life","alternateName":"Deloitte Alumni Network","potentialAction":[{"@type":"SearchAction","target":{"@type":"EntryPoint","urlTemplate":"https:\/\/alumnext.deloitte.ca\/login\/?s={search_term_string}"},"query-input":{"@type":"PropertyValueSpecification","valueRequired":true,"valueName":"search_term_string"}}],"inLanguage":"en-US"}]}},"_links":{"self":[{"href":"https:\/\/alumnext.deloitte.ca\/login\/wp-json\/wp\/v2\/pages\/2481","targetHints":{"allow":["GET"]}}],"collection":[{"href":"https:\/\/alumnext.deloitte.ca\/login\/wp-json\/wp\/v2\/pages"}],"about":[{"href":"https:\/\/alumnext.deloitte.ca\/login\/wp-json\/wp\/v2\/types\/page"}],"author":[{"embeddable":true,"href":"https:\/\/alumnext.deloitte.ca\/login\/wp-json\/wp\/v2\/users\/2"}],"replies":[{"embeddable":true,"href":"https:\/\/alumnext.deloitte.ca\/login\/wp-json\/wp\/v2\/comments?post=2481"}],"version-history":[{"count":30,"href":"https:\/\/alumnext.deloitte.ca\/login\/wp-json\/wp\/v2\/pages\/2481\/revisions"}],"predecessor-version":[{"id":3087,"href":"https:\/\/alumnext.deloitte.ca\/login\/wp-json\/wp\/v2\/pages\/2481\/revisions\/3087"}],"wp:attachment":[{"href":"https:\/\/alumnext.deloitte.ca\/login\/wp-json\/wp\/v2\/media?parent=2481"}],"curies":[{"name":"wp","href":"https:\/\/api.w.org\/{rel}","templated":true}]}}